{"id":352,"date":"2023-05-11T14:47:02","date_gmt":"2023-05-11T12:47:02","guid":{"rendered":"https:\/\/www.domerego.com\/?page_id=352"},"modified":"2023-05-25T09:10:31","modified_gmt":"2023-05-25T07:10:31","slug":"aeav","status":"publish","type":"page","link":"https:\/\/www.domerego.com\/?page_id=352","title":{"rendered":"AEAV"},"content":{"rendered":"\t\t<div data-elementor-type=\"wp-page\" data-elementor-id=\"352\" class=\"elementor elementor-352\">\n\t\t\t\t\t\t\t\t\t<section class=\"elementor-section elementor-top-section elementor-element elementor-element-1608cf690 ct-section-stretched elementor-section-full_width elementor-section-height-default elementor-section-height-default wpr-particle-no wpr-jarallax-no wpr-parallax-no wpr-sticky-section-no\" data-id=\"1608cf690\" data-element_type=\"section\" data-settings=\"{&quot;background_background&quot;:&quot;classic&quot;}\">\n\t\t\t\t\t\t<div class=\"elementor-container elementor-column-gap-default\">\n\t\t\t\t\t<div class=\"elementor-column elementor-col-100 elementor-top-column elementor-element elementor-element-4884a873\" data-id=\"4884a873\" data-element_type=\"column\">\n\t\t\t<div class=\"elementor-widget-wrap elementor-element-populated\">\n\t\t\t\t\t\t\t\t<div class=\"elementor-element elementor-element-7b4c674c wpr-adv-slider-columns-1 wpr-adv-slider-columns--tablet1 wpr-adv-slider-columns--mobile1 wpr-adv-slides-to-scroll-1 wpr-slider-dots-horizontal elementor-widget elementor-widget-wpr-advanced-slider\" data-id=\"7b4c674c\" data-element_type=\"widget\" data-settings=\"{&quot;slider_amount&quot;:&quot;1&quot;,&quot;slider_amount_tablet&quot;:1,&quot;slider_amount_mobile&quot;:1,&quot;slides_to_scroll&quot;:1}\" data-widget_type=\"wpr-advanced-slider.default\">\n\t\t\t\t<div class=\"elementor-widget-container\">\n\t\t\t\n\t\t<!-- Advanced Slider -->\n\t\t<div class=\"wpr-advanced-slider-wrap\">\n\t\t\t\n\t\t\t<div class=\"wpr-advanced-slider\" dir=\"ltr\" data-slick=\"{&quot;rtl&quot;:false,&quot;speed&quot;:700,&quot;arrows&quot;:true,&quot;dots&quot;:true,&quot;autoplay&quot;:false,&quot;autoplaySpeed&quot;:0,&quot;pauseOnHover&quot;:&quot;&quot;,&quot;prevArrow&quot;:&quot;#wpr-slider-prev-7b4c674c&quot;,&quot;nextArrow&quot;:&quot;#wpr-slider-next-7b4c674c&quot;,&quot;vertical&quot;:false}\" data-slide-effect=\"slide\">\n\t\t\t\t<div class=\"wpr-slider-item elementor-repeater-item-af2bb90\"><div class=\"wpr-slider-item-bg \" style=\"background-image: url(https:\/\/www.domerego.com\/wp-content\/uploads\/2023\/05\/bees-292132_1920.jpg)\"><\/div><div class=\"wpr-slider-item-overlay\"><\/div><div class=\"wpr-cv-container\"><div class=\"wpr-cv-outer\"><div class=\"wpr-cv-inner\"><div class=\"wpr-slider-content\"><div class=\"wpr-slider-title\"><h2>PRESIDENT DE L'AEAV<\/h2><\/div><div class=\"wpr-slider-description\"><p>Roch Domerego est le pr\u00e9sident de l\u2019Association Europ\u00e9enne d\u2019Apiculture Vivante depuis 1995<\/p><\/div><div class=\"wpr-slider-btns\"><\/div><\/div><\/div><\/div><\/div><\/div>\t\t\t<\/div>\n\t\t\t<div class=\"wpr-slider-controls\">\n\t\t\t\t<div class=\"wpr-slider-dots\"><\/div>\n\t\t\t<\/div>\n\n\t\t\t<div class=\"wpr-slider-arrow-container\">\n\t\t\t\t<div class=\"wpr-slider-prev-arrow wpr-slider-arrow\" id=\"wpr-slider-prev-7b4c674c\">\n\t\t\t\t\t<svg version=\"1.1\" xmlns=\"http:\/\/www.w3.org\/2000\/svg\" xmlns:xlink=\"http:\/\/www.w3.org\/1999\/xlink\" x=\"0px\" y=\"0px\" viewBox=\"0 0 259.6 512\" style=\"enable-background:new 0 0 259.6 512;\" xml:space=\"preserve\"><g><path class=\"st0\" d=\"M256.6,18.1L126.2,256.1l130.6,237.6c3.6,5.6,3.9,10.8,0.2,14.9c-0.2,0.2-0.2,0.3-0.3,0.3s-0.3,0.3-0.3,0.3c-3.9,3.9-10.3,3.6-14.2-0.3L2.9,263.6c-2-2.1-3.1-4.7-2.9-7.5c0-2.8,1-5.6,3.1-7.7L242,3.1c4.1-4.1,10.6-4.1,14.6,0l0,0C260.7,7.3,260.5,10.9,256.6,18.1z\"\/><\/g><\/svg>\t\t\t\t<\/div>\n\t\t\t\t<div class=\"wpr-slider-next-arrow wpr-slider-arrow\" id=\"wpr-slider-next-7b4c674c\">\n\t\t\t\t\t<svg version=\"1.1\" xmlns=\"http:\/\/www.w3.org\/2000\/svg\" xmlns:xlink=\"http:\/\/www.w3.org\/1999\/xlink\" x=\"0px\" y=\"0px\" viewBox=\"0 0 259.6 512\" style=\"enable-background:new 0 0 259.6 512;\" xml:space=\"preserve\"><g><path class=\"st0\" d=\"M256.6,18.1L126.2,256.1l130.6,237.6c3.6,5.6,3.9,10.8,0.2,14.9c-0.2,0.2-0.2,0.3-0.3,0.3s-0.3,0.3-0.3,0.3c-3.9,3.9-10.3,3.6-14.2-0.3L2.9,263.6c-2-2.1-3.1-4.7-2.9-7.5c0-2.8,1-5.6,3.1-7.7L242,3.1c4.1-4.1,10.6-4.1,14.6,0l0,0C260.7,7.3,260.5,10.9,256.6,18.1z\"\/><\/g><\/svg>\t\t\t\t<\/div>\n\t\t\t<\/div>\n\t\t\t\n\t\t\t\n\t\t<\/div>\n\t\t\t\t<\/div>\n\t\t\t\t<\/div>\n\t\t\t\t\t<\/div>\n\t\t<\/div>\n\t\t\t\t\t\t\t<\/div>\n\t\t<\/section>\n\t\t\t\t<section class=\"elementor-section elementor-top-section elementor-element elementor-element-60bae5e elementor-section-boxed elementor-section-height-default elementor-section-height-default wpr-particle-no wpr-jarallax-no wpr-parallax-no wpr-sticky-section-no\" data-id=\"60bae5e\" data-element_type=\"section\">\n\t\t\t\t\t\t<div class=\"elementor-container elementor-column-gap-default\">\n\t\t\t\t\t<div class=\"elementor-column elementor-col-100 elementor-top-column elementor-element elementor-element-fa6df9b\" data-id=\"fa6df9b\" data-element_type=\"column\">\n\t\t\t<div class=\"elementor-widget-wrap elementor-element-populated\">\n\t\t\t\t\t\t\t\t<div class=\"elementor-element elementor-element-24bceb7 elementor-widget elementor-widget-spacer\" data-id=\"24bceb7\" data-element_type=\"widget\" data-widget_type=\"spacer.default\">\n\t\t\t\t<div class=\"elementor-widget-container\">\n\t\t\t<style>\/*! elementor - v3.17.0 - 08-11-2023 *\/\n.elementor-column .elementor-spacer-inner{height:var(--spacer-size)}.e-con{--container-widget-width:100%}.e-con-inner>.elementor-widget-spacer,.e-con>.elementor-widget-spacer{width:var(--container-widget-width,var(--spacer-size));--align-self:var(--container-widget-align-self,initial);--flex-shrink:0}.e-con-inner>.elementor-widget-spacer>.elementor-widget-container,.e-con>.elementor-widget-spacer>.elementor-widget-container{height:100%;width:100%}.e-con-inner>.elementor-widget-spacer>.elementor-widget-container>.elementor-spacer,.e-con>.elementor-widget-spacer>.elementor-widget-container>.elementor-spacer{height:100%}.e-con-inner>.elementor-widget-spacer>.elementor-widget-container>.elementor-spacer>.elementor-spacer-inner,.e-con>.elementor-widget-spacer>.elementor-widget-container>.elementor-spacer>.elementor-spacer-inner{height:var(--container-widget-height,var(--spacer-size))}.e-con-inner>.elementor-widget-spacer.elementor-widget-empty,.e-con>.elementor-widget-spacer.elementor-widget-empty{position:relative;min-height:22px;min-width:22px}.e-con-inner>.elementor-widget-spacer.elementor-widget-empty .elementor-widget-empty-icon,.e-con>.elementor-widget-spacer.elementor-widget-empty .elementor-widget-empty-icon{position:absolute;top:0;bottom:0;left:0;right:0;margin:auto;padding:0;width:22px;height:22px}<\/style>\t\t<div class=\"elementor-spacer\">\n\t\t\t<div class=\"elementor-spacer-inner\"><\/div>\n\t\t<\/div>\n\t\t\t\t<\/div>\n\t\t\t\t<\/div>\n\t\t\t\t\t<\/div>\n\t\t<\/div>\n\t\t\t\t\t\t\t<\/div>\n\t\t<\/section>\n\t\t\t\t<section class=\"elementor-section elementor-top-section elementor-element elementor-element-8a653a5 elementor-section-boxed elementor-section-height-default elementor-section-height-default wpr-particle-no wpr-jarallax-no wpr-parallax-no wpr-sticky-section-no\" data-id=\"8a653a5\" data-element_type=\"section\">\n\t\t\t\t\t\t<div class=\"elementor-container elementor-column-gap-default\">\n\t\t\t\t\t<div class=\"elementor-column elementor-col-66 elementor-top-column elementor-element elementor-element-8f2ce38\" data-id=\"8f2ce38\" data-element_type=\"column\" data-settings=\"{&quot;background_background&quot;:&quot;classic&quot;}\">\n\t\t\t<div class=\"elementor-widget-wrap elementor-element-populated\">\n\t\t\t\t\t\t\t\t<div class=\"elementor-element elementor-element-345604b elementor-widget elementor-widget-text-editor\" data-id=\"345604b\" data-element_type=\"widget\" data-widget_type=\"text-editor.default\">\n\t\t\t\t<div class=\"elementor-widget-container\">\n\t\t\t<style>\/*! elementor - v3.17.0 - 08-11-2023 *\/\n.elementor-widget-text-editor.elementor-drop-cap-view-stacked .elementor-drop-cap{background-color:#69727d;color:#fff}.elementor-widget-text-editor.elementor-drop-cap-view-framed .elementor-drop-cap{color:#69727d;border:3px solid;background-color:transparent}.elementor-widget-text-editor:not(.elementor-drop-cap-view-default) .elementor-drop-cap{margin-top:8px}.elementor-widget-text-editor:not(.elementor-drop-cap-view-default) .elementor-drop-cap-letter{width:1em;height:1em}.elementor-widget-text-editor .elementor-drop-cap{float:left;text-align:center;line-height:1;font-size:50px}.elementor-widget-text-editor .elementor-drop-cap-letter{display:inline-block}<\/style>\t\t\t\t<p>L&#8217;AEAV est une organisation non gouvernementale cr\u00e9\u00e9e pour promouvoir l&#8217;apiculture vivante, c&#8217;est-\u00e0-dire une apiculture qui respecte le bien-\u00eatre de l&#8217;abeille et qui vise \u00e0 maintenir un environnement naturel pour elles. Elle met l\u2019abeille au centre du projet et non l\u2019apiculture.<\/p><p>En tant que pr\u00e9sident de l\u2019AEAV, il a travaill\u00e9 \u00e0 la promotion de l&#8217;apiculture vivante en Europe et dans le monde. Il a organis\u00e9 de nombreuses conf\u00e9rences et des cours pour encourager les \u00e9changes entre les apiculteurs de diff\u00e9rents pays.<\/p><p>Sous sa pr\u00e9sidence, l&#8217;AEAV a \u00e9galement travaill\u00e9 pour l&#8217;apiculture vivante, en accordant une attention particuli\u00e8re \u00e0 la protection de l&#8217;environnement et de la biodiversit\u00e9. L&#8217;organisation a \u00e9galement men\u00e9 des \u00e9tudes sur les pratiques apicoles au Rwanda, en mettant l&#8217;accent sur les meilleures pratiques et en cherchant \u00e0 am\u00e9liorer les conditions de vie des abeilles.<\/p><p>\u00a0<\/p>\t\t\t\t\t\t<\/div>\n\t\t\t\t<\/div>\n\t\t\t\t\t<\/div>\n\t\t<\/div>\n\t\t\t\t<div class=\"elementor-column elementor-col-33 elementor-top-column elementor-element elementor-element-6d02d6d\" data-id=\"6d02d6d\" data-element_type=\"column\" data-settings=\"{&quot;background_background&quot;:&quot;classic&quot;}\">\n\t\t\t<div class=\"elementor-widget-wrap\">\n\t\t\t\t\t\t\t\t\t<\/div>\n\t\t<\/div>\n\t\t\t\t\t\t\t<\/div>\n\t\t<\/section>\n\t\t\t\t<section class=\"elementor-section elementor-top-section elementor-element elementor-element-56ced3f elementor-section-boxed elementor-section-height-default elementor-section-height-default wpr-particle-no wpr-jarallax-no wpr-parallax-no wpr-sticky-section-no\" data-id=\"56ced3f\" data-element_type=\"section\">\n\t\t\t\t\t\t<div class=\"elementor-container elementor-column-gap-default\">\n\t\t\t\t\t<div class=\"elementor-column elementor-col-100 elementor-top-column elementor-element elementor-element-d28390c\" data-id=\"d28390c\" data-element_type=\"column\">\n\t\t\t<div class=\"elementor-widget-wrap elementor-element-populated\">\n\t\t\t\t\t\t\t\t<div class=\"elementor-element elementor-element-488aba8 elementor-widget elementor-widget-spacer\" data-id=\"488aba8\" data-element_type=\"widget\" data-widget_type=\"spacer.default\">\n\t\t\t\t<div class=\"elementor-widget-container\">\n\t\t\t\t\t<div class=\"elementor-spacer\">\n\t\t\t<div class=\"elementor-spacer-inner\"><\/div>\n\t\t<\/div>\n\t\t\t\t<\/div>\n\t\t\t\t<\/div>\n\t\t\t\t\t<\/div>\n\t\t<\/div>\n\t\t\t\t\t\t\t<\/div>\n\t\t<\/section>\n\t\t\t\t<section class=\"elementor-section elementor-top-section elementor-element elementor-element-2b60cbb elementor-section-boxed elementor-section-height-default elementor-section-height-default wpr-particle-no wpr-jarallax-no wpr-parallax-no wpr-sticky-section-no\" data-id=\"2b60cbb\" data-element_type=\"section\">\n\t\t\t\t\t\t<div class=\"elementor-container elementor-column-gap-default\">\n\t\t\t\t\t<div class=\"elementor-column elementor-col-50 elementor-top-column elementor-element elementor-element-04c0ca4\" data-id=\"04c0ca4\" data-element_type=\"column\" data-settings=\"{&quot;background_background&quot;:&quot;classic&quot;}\">\n\t\t\t<div class=\"elementor-widget-wrap elementor-element-populated\">\n\t\t\t\t\t\t\t\t<div class=\"elementor-element elementor-element-34dca6f elementor-widget elementor-widget-text-editor\" data-id=\"34dca6f\" data-element_type=\"widget\" data-widget_type=\"text-editor.default\">\n\t\t\t\t<div class=\"elementor-widget-container\">\n\t\t\t\t\t\t\t<p>Son travail contribue \u00e0 une prise de conscience croissante de l&#8217;importance de prot\u00e9ger les abeilles natives et de leur environnement naturel, ainsi qu&#8217;\u00e0 une meilleure compr\u00e9hension de l&#8217;apiculture comme un \u00e9l\u00e9ment important de la biodiversit\u00e9 et de l&#8217;agriculture durable.<\/p><p>L\u2019AEAV d\u00e9fend la cause des abeilles natives et de leur importance pour l&#8217;\u00e9cosyst\u00e8me. Elle soutient l\u2019id\u00e9e et apporte les preuves que les abeilles locales sont mieux adapt\u00e9es \u00e0 leur environnement et ont une meilleure r\u00e9sistance aux maladies et aux parasites, ce qui les rend plus durables que les esp\u00e8ces exotiques. Son pr\u00e9sident a \u00e9tudi\u00e9 en profondeur la biologie des abeilles et leur comportement, ce qui l&#8217;a aid\u00e9 \u00e0 d\u00e9velopper des techniques apicoles adapt\u00e9es aux esp\u00e8ces natives.<\/p>\t\t\t\t\t\t<\/div>\n\t\t\t\t<\/div>\n\t\t\t\t\t<\/div>\n\t\t<\/div>\n\t\t\t\t<div class=\"elementor-column elementor-col-50 elementor-top-column elementor-element elementor-element-5d62e88\" data-id=\"5d62e88\" data-element_type=\"column\" data-settings=\"{&quot;background_background&quot;:&quot;classic&quot;}\">\n\t\t\t<div class=\"elementor-widget-wrap elementor-element-populated\">\n\t\t\t\t\t\t\t\t<div class=\"elementor-element elementor-element-bb8a461 elementor-widget elementor-widget-image\" data-id=\"bb8a461\" data-element_type=\"widget\" data-widget_type=\"image.default\">\n\t\t\t\t<div class=\"elementor-widget-container\">\n\t\t\t<style>\/*! elementor - v3.17.0 - 08-11-2023 *\/\n.elementor-widget-image{text-align:center}.elementor-widget-image a{display:inline-block}.elementor-widget-image a img[src$=\".svg\"]{width:48px}.elementor-widget-image img{vertical-align:middle;display:inline-block}<\/style>\t\t\t\t\t\t\t\t\t\t\t\t<img loading=\"lazy\" decoding=\"async\" width=\"768\" height=\"1024\" src=\"https:\/\/www.domerego.com\/wp-content\/uploads\/2023\/05\/WhatsApp-Image-2023-05-08-at-19.19.24.jpeg\" class=\"attachment-medium_large size-medium_large wp-image-316\" alt=\"\" srcset=\"https:\/\/www.domerego.com\/wp-content\/uploads\/2023\/05\/WhatsApp-Image-2023-05-08-at-19.19.24.jpeg 768w, https:\/\/www.domerego.com\/wp-content\/uploads\/2023\/05\/WhatsApp-Image-2023-05-08-at-19.19.24-600x800.jpeg 600w\" sizes=\"auto, (max-width: 768px) 100vw, 768px\" \/>\t\t\t\t\t\t\t\t\t\t\t\t\t\t\t<\/div>\n\t\t\t\t<\/div>\n\t\t\t\t\t<\/div>\n\t\t<\/div>\n\t\t\t\t\t\t\t<\/div>\n\t\t<\/section>\n\t\t\t\t<section class=\"elementor-section elementor-top-section elementor-element elementor-element-5d6954b elementor-section-boxed elementor-section-height-default elementor-section-height-default wpr-particle-no wpr-jarallax-no wpr-parallax-no wpr-sticky-section-no\" data-id=\"5d6954b\" data-element_type=\"section\">\n\t\t\t\t\t\t<div class=\"elementor-container elementor-column-gap-default\">\n\t\t\t\t\t<div class=\"elementor-column elementor-col-100 elementor-top-column elementor-element elementor-element-c2b5163\" data-id=\"c2b5163\" data-element_type=\"column\">\n\t\t\t<div class=\"elementor-widget-wrap elementor-element-populated\">\n\t\t\t\t\t\t\t\t<div class=\"elementor-element elementor-element-a80da73 elementor-widget elementor-widget-spacer\" data-id=\"a80da73\" data-element_type=\"widget\" data-widget_type=\"spacer.default\">\n\t\t\t\t<div class=\"elementor-widget-container\">\n\t\t\t\t\t<div class=\"elementor-spacer\">\n\t\t\t<div class=\"elementor-spacer-inner\"><\/div>\n\t\t<\/div>\n\t\t\t\t<\/div>\n\t\t\t\t<\/div>\n\t\t\t\t\t<\/div>\n\t\t<\/div>\n\t\t\t\t\t\t\t<\/div>\n\t\t<\/section>\n\t\t\t\t<section class=\"elementor-section elementor-top-section elementor-element elementor-element-77f5004 elementor-section-boxed elementor-section-height-default elementor-section-height-default wpr-particle-no wpr-jarallax-no wpr-parallax-no wpr-sticky-section-no\" data-id=\"77f5004\" data-element_type=\"section\">\n\t\t\t\t\t\t<div class=\"elementor-container elementor-column-gap-default\">\n\t\t\t\t\t<div class=\"elementor-column elementor-col-50 elementor-top-column elementor-element elementor-element-bd9b19e\" data-id=\"bd9b19e\" data-element_type=\"column\" data-settings=\"{&quot;background_background&quot;:&quot;classic&quot;}\">\n\t\t\t<div class=\"elementor-widget-wrap\">\n\t\t\t\t\t\t\t\t\t<\/div>\n\t\t<\/div>\n\t\t\t\t<div class=\"elementor-column elementor-col-50 elementor-top-column elementor-element elementor-element-22a0e40\" data-id=\"22a0e40\" data-element_type=\"column\" data-settings=\"{&quot;background_background&quot;:&quot;classic&quot;}\">\n\t\t\t<div class=\"elementor-widget-wrap elementor-element-populated\">\n\t\t\t\t\t\t\t\t<div class=\"elementor-element elementor-element-fcfb6a1 elementor-widget elementor-widget-text-editor\" data-id=\"fcfb6a1\" data-element_type=\"widget\" data-widget_type=\"text-editor.default\">\n\t\t\t\t<div class=\"elementor-widget-container\">\n\t\t\t\t\t\t\tDomerego a \u00e9galement un grand respect pour le travail des abeilles et leur r\u00f4le crucial dans la pollinisation des cultures et des plantes sauvages. Il croit que l&#8217;apiculture doit \u00eatre pratiqu\u00e9e de mani\u00e8re responsable et durable, en harmonie avec la nature et en pr\u00e9servant la biodiversit\u00e9. Il encourage les pratiques apicoles qui respectent les abeilles et leur habitat naturel.<\/li>\n<\/ol>\nEn raison de son amour et de sa passion pour les abeilles natives, Roch Domerego avec l\u2019AEAV s&#8217;est engag\u00e9 \u00e0 promouvoir l&#8217;apiculture durable et la pr\u00e9servation de la biodiversit\u00e9.\n\nIl donne des conf\u00e9rences et des formations sur l&#8217;apiculture responsable, encourageant les apiculteurs \u00e0 utiliser des pratiques respectueuses de l&#8217;environnement et \u00e0 promouvoir cet \u00e9levage en harmonie avec les sous-esp\u00e8ces d&#8217;abeilles natives. Son expertise et son engagement en faveur de l&#8217;apiculture durable ont fait de lui un leader respect\u00e9 dans la communaut\u00e9 apicole et un ardent d\u00e9fenseur de la protection des abeilles et de leur habitat naturel.\t\t\t\t\t\t<\/div>\n\t\t\t\t<\/div>\n\t\t\t\t\t<\/div>\n\t\t<\/div>\n\t\t\t\t\t\t\t<\/div>\n\t\t<\/section>\n\t\t\t\t\t\t\t<\/div>\n\t\t","protected":false},"excerpt":{"rendered":"<p>PRESIDENT DE L&#8217;AEAV Roch Domerego est le pr\u00e9sident de l\u2019Association Europ\u00e9enne d\u2019Apiculture Vivante depuis 1995 L&#8217;AEAV est une organisation non gouvernementale cr\u00e9\u00e9e pour promouvoir l&#8217;apiculture vivante, c&#8217;est-\u00e0-dire une apiculture qui respecte le bien-\u00eatre de l&#8217;abeille et qui vise \u00e0 maintenir un environnement naturel pour elles. Elle met l\u2019abeille au centre du projet et non l\u2019apiculture. En tant que pr\u00e9sident de l\u2019AEAV, il a travaill\u00e9 \u00e0 la promotion de l&#8217;apiculture vivante en Europe et dans le monde. Il a organis\u00e9 de nombreuses conf\u00e9rences et des cours pour encourager les \u00e9changes entre les apiculteurs de diff\u00e9rents pays. Sous sa pr\u00e9sidence, l&#8217;AEAV a\u2026<\/p>\n","protected":false},"author":1,"featured_media":0,"parent":0,"menu_order":0,"comment_status":"closed","ping_status":"closed","template":"","meta":{"footnotes":""},"class_list":["post-352","page","type-page","status-publish","hentry"],"blocksy_meta":"","_links":{"self":[{"href":"https:\/\/www.domerego.com\/index.php?rest_route=\/wp\/v2\/pages\/352","targetHints":{"allow":["GET"]}}],"collection":[{"href":"https:\/\/www.domerego.com\/index.php?rest_route=\/wp\/v2\/pages"}],"about":[{"href":"https:\/\/www.domerego.com\/index.php?rest_route=\/wp\/v2\/types\/page"}],"author":[{"embeddable":true,"href":"https:\/\/www.domerego.com\/index.php?rest_route=\/wp\/v2\/users\/1"}],"replies":[{"embeddable":true,"href":"https:\/\/www.domerego.com\/index.php?rest_route=%2Fwp%2Fv2%2Fcomments&post=352"}],"version-history":[{"count":20,"href":"https:\/\/www.domerego.com\/index.php?rest_route=\/wp\/v2\/pages\/352\/revisions"}],"predecessor-version":[{"id":949,"href":"https:\/\/www.domerego.com\/index.php?rest_route=\/wp\/v2\/pages\/352\/revisions\/949"}],"wp:attachment":[{"href":"https:\/\/www.domerego.com\/index.php?rest_route=%2Fwp%2Fv2%2Fmedia&parent=352"}],"curies":[{"name":"wp","href":"https:\/\/api.w.org\/{rel}","templated":true}]}}