{"id":83,"date":"2023-05-10T09:25:16","date_gmt":"2023-05-10T07:25:16","guid":{"rendered":"https:\/\/www.domerego.com\/?page_id=83"},"modified":"2023-05-24T22:43:03","modified_gmt":"2023-05-24T20:43:03","slug":"apiculteur","status":"publish","type":"page","link":"https:\/\/www.domerego.com\/?page_id=83","title":{"rendered":"APICULTEUR"},"content":{"rendered":"\t\t<div data-elementor-type=\"wp-page\" data-elementor-id=\"83\" class=\"elementor elementor-83\">\n\t\t\t\t\t\t\t\t\t<section class=\"elementor-section elementor-top-section elementor-element elementor-element-a45faa0 ct-section-stretched elementor-section-boxed elementor-section-height-default elementor-section-height-default wpr-particle-no wpr-jarallax-no wpr-parallax-no wpr-sticky-section-no\" data-id=\"a45faa0\" data-element_type=\"section\" data-settings=\"{&quot;background_background&quot;:&quot;classic&quot;}\">\n\t\t\t\t\t\t\t<div class=\"elementor-background-overlay\"><\/div>\n\t\t\t\t\t\t\t<div class=\"elementor-container elementor-column-gap-default\">\n\t\t\t\t\t<div class=\"elementor-column elementor-col-100 elementor-top-column elementor-element elementor-element-db2a441\" data-id=\"db2a441\" data-element_type=\"column\">\n\t\t\t<div class=\"elementor-widget-wrap\">\n\t\t\t\t\t\t\t\t\t<\/div>\n\t\t<\/div>\n\t\t\t\t\t\t\t<\/div>\n\t\t<\/section>\n\t\t\t\t<section class=\"elementor-section elementor-top-section elementor-element elementor-element-4c10d011 elementor-section-full_width ct-section-stretched elementor-section-height-default elementor-section-height-default wpr-particle-no wpr-jarallax-no wpr-parallax-no wpr-sticky-section-no\" data-id=\"4c10d011\" data-element_type=\"section\" data-settings=\"{&quot;background_background&quot;:&quot;classic&quot;}\">\n\t\t\t\t\t\t\t<div class=\"elementor-background-overlay\"><\/div>\n\t\t\t\t\t\t\t<div class=\"elementor-container elementor-column-gap-no\">\n\t\t\t\t\t<div class=\"elementor-column elementor-col-100 elementor-top-column elementor-element elementor-element-b555fcc\" data-id=\"b555fcc\" data-element_type=\"column\">\n\t\t\t<div class=\"elementor-widget-wrap elementor-element-populated\">\n\t\t\t\t\t\t\t\t<section class=\"elementor-section elementor-inner-section elementor-element elementor-element-1198e473 elementor-section-full_width elementor-section-height-default elementor-section-height-default wpr-particle-no wpr-jarallax-no wpr-parallax-no wpr-sticky-section-no\" data-id=\"1198e473\" data-element_type=\"section\">\n\t\t\t\t\t\t<div class=\"elementor-container elementor-column-gap-no\">\n\t\t\t\t\t<div class=\"elementor-column elementor-col-50 elementor-inner-column elementor-element elementor-element-3673aae2\" data-id=\"3673aae2\" data-element_type=\"column\" data-settings=\"{&quot;background_background&quot;:&quot;classic&quot;}\">\n\t\t\t<div class=\"elementor-widget-wrap elementor-element-populated\">\n\t\t\t\t\t<div class=\"elementor-background-overlay\"><\/div>\n\t\t\t\t\t\t\t\t<div class=\"elementor-element elementor-element-58dca7d4 elementor-widget elementor-widget-text-editor\" data-id=\"58dca7d4\" data-element_type=\"widget\" data-widget_type=\"text-editor.default\">\n\t\t\t\t<div class=\"elementor-widget-container\">\n\t\t\t<style>\/*! elementor - v3.17.0 - 08-11-2023 *\/\n.elementor-widget-text-editor.elementor-drop-cap-view-stacked .elementor-drop-cap{background-color:#69727d;color:#fff}.elementor-widget-text-editor.elementor-drop-cap-view-framed .elementor-drop-cap{color:#69727d;border:3px solid;background-color:transparent}.elementor-widget-text-editor:not(.elementor-drop-cap-view-default) .elementor-drop-cap{margin-top:8px}.elementor-widget-text-editor:not(.elementor-drop-cap-view-default) .elementor-drop-cap-letter{width:1em;height:1em}.elementor-widget-text-editor .elementor-drop-cap{float:left;text-align:center;line-height:1;font-size:50px}.elementor-widget-text-editor .elementor-drop-cap-letter{display:inline-block}<\/style>\t\t\t\t\t\t\t\t\t\t<\/div>\n\t\t\t\t<\/div>\n\t\t\t\t\t<\/div>\n\t\t<\/div>\n\t\t\t\t<div class=\"elementor-column elementor-col-50 elementor-inner-column elementor-element elementor-element-37e247d2\" data-id=\"37e247d2\" data-element_type=\"column\" data-settings=\"{&quot;background_background&quot;:&quot;classic&quot;}\">\n\t\t\t<div class=\"elementor-widget-wrap elementor-element-populated\">\n\t\t\t\t\t\t\t\t<div class=\"elementor-element elementor-element-1acba497 elementor-widget elementor-widget-elementskit-heading\" data-id=\"1acba497\" data-element_type=\"widget\" data-widget_type=\"elementskit-heading.default\">\n\t\t\t\t<div class=\"elementor-widget-container\">\n\t\t\t<div class=\"ekit-wid-con\" ><div class=\"ekit-heading elementskit-section-title-wraper text_center   ekit_heading_tablet-   ekit_heading_mobile-\"><h2 class=\"ekit-heading--title elementskit-section-title \">APICULTEUR<\/h2><\/div><\/div>\t\t<\/div>\n\t\t\t\t<\/div>\n\t\t\t\t<div class=\"elementor-element elementor-element-381796d5 elementor-widget elementor-widget-text-editor\" data-id=\"381796d5\" data-element_type=\"widget\" data-widget_type=\"text-editor.default\">\n\t\t\t\t<div class=\"elementor-widget-container\">\n\t\t\t\t\t\t\t<p>Le Professeur Roch Domerego est un apiculteur de longue date, passionn\u00e9 et dot\u00e9 d&#8217;une expertise dans le domaine de l&#8217;apiculture et de l&#8217;apith\u00e9rapie. En plus de sa pratique de l&#8217;apiculture, il a \u00e9galement publi\u00e9 plusieurs ouvrages de r\u00e9f\u00e9rence dans le domaine de l&#8217;apith\u00e9rapie, une m\u00e9decine naturelle qui utilise les produits de la ruche pour soigner diff\u00e9rents maux.\u00a0<\/p><p>Ces ouvrages de r\u00e9f\u00e9rence sont reconnus dans le monde de l&#8217;apith\u00e9rapie et sont utilis\u00e9s par des professionnels de la sant\u00e9, des apiculteurs et des particuliers int\u00e9ress\u00e9s par cette forme de m\u00e9decine.<\/p>\t\t\t\t\t\t<\/div>\n\t\t\t\t<\/div>\n\t\t\t\t\t<\/div>\n\t\t<\/div>\n\t\t\t\t\t\t\t<\/div>\n\t\t<\/section>\n\t\t\t\t<section class=\"elementor-section elementor-inner-section elementor-element elementor-element-41a8468f elementor-section-full_width elementor-section-height-default elementor-section-height-default wpr-particle-no wpr-jarallax-no wpr-parallax-no wpr-sticky-section-no\" data-id=\"41a8468f\" data-element_type=\"section\">\n\t\t\t\t\t\t<div class=\"elementor-container elementor-column-gap-no\">\n\t\t\t\t\t<div class=\"elementor-column elementor-col-50 elementor-inner-column elementor-element elementor-element-c8c37f1\" data-id=\"c8c37f1\" data-element_type=\"column\" data-settings=\"{&quot;background_background&quot;:&quot;classic&quot;}\">\n\t\t\t<div class=\"elementor-widget-wrap elementor-element-populated\">\n\t\t\t\t\t\t\t\t<div class=\"elementor-element elementor-element-5cb0f818 elementor-widget elementor-widget-text-editor\" data-id=\"5cb0f818\" data-element_type=\"widget\" data-widget_type=\"text-editor.default\">\n\t\t\t\t<div class=\"elementor-widget-container\">\n\t\t\t\t\t\t\t<p>Gr\u00e2ce \u00e0 ses connaissances et \u00e0 son exp\u00e9rience, Roch Domerego est consid\u00e9r\u00e9 comme une autorit\u00e9 dans le domaine de l&#8217;apith\u00e9rapie et est souvent invit\u00e9 \u00e0 donner des conf\u00e9rences et des cours dans ce domaine.<\/p><p>En tant qu&#8217;apiculteur passionn\u00e9 et auteur d&#8217;ouvrages de r\u00e9f\u00e9rence dans le domaine de l&#8217;apith\u00e9rapie, Roch Domerego est tr\u00e8s impliqu\u00e9 dans la promotion de l&#8217;utilisation des produits de la ruche pour la sant\u00e9 et le bien-\u00eatre. Sa passion pour les abeilles et leur importance pour notre environnement, combin\u00e9e \u00e0 son expertise en apith\u00e9rapie, lui permet de partager son savoir avec un large public et de contribuer \u00e0 sensibiliser les gens sur les avantages des produits de la ruche pour notre sant\u00e9.<\/p>\t\t\t\t\t\t<\/div>\n\t\t\t\t<\/div>\n\t\t\t\t\t<\/div>\n\t\t<\/div>\n\t\t\t\t<div class=\"elementor-column elementor-col-50 elementor-inner-column elementor-element elementor-element-6c2e2016\" data-id=\"6c2e2016\" data-element_type=\"column\" data-settings=\"{&quot;background_background&quot;:&quot;classic&quot;}\">\n\t\t\t<div class=\"elementor-widget-wrap elementor-element-populated\">\n\t\t\t\t\t<div class=\"elementor-background-overlay\"><\/div>\n\t\t\t\t\t\t\t\t<div class=\"elementor-element elementor-element-2ff8070a elementor-widget elementor-widget-text-editor\" data-id=\"2ff8070a\" data-element_type=\"widget\" data-widget_type=\"text-editor.default\">\n\t\t\t\t<div class=\"elementor-widget-container\">\n\t\t\t\t\t\t\t\t\t\t\t\t\t<\/div>\n\t\t\t\t<\/div>\n\t\t\t\t\t<\/div>\n\t\t<\/div>\n\t\t\t\t\t\t\t<\/div>\n\t\t<\/section>\n\t\t\t\t\t<\/div>\n\t\t<\/div>\n\t\t\t\t\t\t\t<\/div>\n\t\t<\/section>\n\t\t\t\t\t\t\t<\/div>\n\t\t","protected":false},"excerpt":{"rendered":"<p>APICULTEUR Le Professeur Roch Domerego est un apiculteur de longue date, passionn\u00e9 et dot\u00e9 d&#8217;une expertise dans le domaine de l&#8217;apiculture et de l&#8217;apith\u00e9rapie. En plus de sa pratique de l&#8217;apiculture, il a \u00e9galement publi\u00e9 plusieurs ouvrages de r\u00e9f\u00e9rence dans le domaine de l&#8217;apith\u00e9rapie, une m\u00e9decine naturelle qui utilise les produits de la ruche pour soigner diff\u00e9rents maux.\u00a0 Ces ouvrages de r\u00e9f\u00e9rence sont reconnus dans le monde de l&#8217;apith\u00e9rapie et sont utilis\u00e9s par des professionnels de la sant\u00e9, des apiculteurs et des particuliers int\u00e9ress\u00e9s par cette forme de m\u00e9decine. Gr\u00e2ce \u00e0 ses connaissances et \u00e0 son exp\u00e9rience, Roch Domerego est\u2026<\/p>\n","protected":false},"author":1,"featured_media":0,"parent":0,"menu_order":0,"comment_status":"closed","ping_status":"closed","template":"","meta":{"footnotes":""},"class_list":["post-83","page","type-page","status-publish","hentry"],"blocksy_meta":"","_links":{"self":[{"href":"https:\/\/www.domerego.com\/index.php?rest_route=\/wp\/v2\/pages\/83","targetHints":{"allow":["GET"]}}],"collection":[{"href":"https:\/\/www.domerego.com\/index.php?rest_route=\/wp\/v2\/pages"}],"about":[{"href":"https:\/\/www.domerego.com\/index.php?rest_route=\/wp\/v2\/types\/page"}],"author":[{"embeddable":true,"href":"https:\/\/www.domerego.com\/index.php?rest_route=\/wp\/v2\/users\/1"}],"replies":[{"embeddable":true,"href":"https:\/\/www.domerego.com\/index.php?rest_route=%2Fwp%2Fv2%2Fcomments&post=83"}],"version-history":[{"count":65,"href":"https:\/\/www.domerego.com\/index.php?rest_route=\/wp\/v2\/pages\/83\/revisions"}],"predecessor-version":[{"id":899,"href":"https:\/\/www.domerego.com\/index.php?rest_route=\/wp\/v2\/pages\/83\/revisions\/899"}],"wp:attachment":[{"href":"https:\/\/www.domerego.com\/index.php?rest_route=%2Fwp%2Fv2%2Fmedia&parent=83"}],"curies":[{"name":"wp","href":"https:\/\/api.w.org\/{rel}","templated":true}]}}