{"id":421,"date":"2023-05-11T22:50:21","date_gmt":"2023-05-11T20:50:21","guid":{"rendered":"https:\/\/www.domerego.com\/?post_type=product&#038;p=421"},"modified":"2023-05-12T08:22:03","modified_gmt":"2023-05-12T06:22:03","slug":"melipona-labeille-sacree-des-mayas","status":"publish","type":"product","link":"https:\/\/www.domerego.com\/?product=melipona-labeille-sacree-des-mayas","title":{"rendered":"Melipona l&#8217;abeille sacr\u00e9e des Mayas"},"content":{"rendered":"<p style=\"text-align: justify;\">C&#8217;est la premi\u00e8re fois qu&#8217;un livre sur les abeilles M\u00e9lipona, sans dard, aux yeux bleus, que les Mayas consid\u00e9raient comme divines, est publi\u00e9. Des photos \u00e9tonnantes au coeur de la colonie font d\u00e9couvrir au lecteur la vie de ces &#8220;belles&#8221; si diff\u00e9rentes de nos europ\u00e9ennes.<\/p>\n<p style=\"text-align: justify;\">Ce livre est une promenade au c\u0153ur de la ruche et de l&#8217;histoire. Des informations historiques, scientifiques et \u00e9cologiques composent le texte o\u00f9 des l\u00e9gendes y sont aussi r\u00e9v\u00e9l\u00e9es. D\u2019incroyables photos vous transportent dans ce monde merveilleux. L\u2019auteur nous fait d\u00e9couvrir ces insectes au dard atrophi\u00e9 au fil du temps, sans d\u00e9fense et remplis d\u2019amour.<\/p>\n<p style=\"text-align: justify;\">N\u00e9 \u00e0 Montpellier, Roch Domerego, apiculteur, naturopathe, Professeur d\u2019universit\u00e9, Vice-Pr\u00e9sident de la Commission d\u2019Apith\u00e9rapie d\u2019Apimondia pendant 14 ans, il est l\u2019un des grands sp\u00e9cialistes en apith\u00e9rapie. Ses travaux de recherche et de vulgarisation dans ce domaine font r\u00e9f\u00e9rence depuis des ann\u00e9es. Il a \u00e9crit 6 ouvrages sur le sujet. Il est aussi co-auteur d&#8217;un roman :\u00a0La reine africaine aux \u00e9ditions JC Latt\u00e8s.<\/p>\n<p style=\"text-align: justify;\">Int\u00e9ress\u00e9 par la photo d\u00e8s l\u2019\u00e2ge de 11 ans, il obtient \u00e0 13 ans une place honorable \u00e0 l\u2019Exposition Internationale de Photos d\u2019Art de Digne-les-Bains. Ces diff\u00e9rents voyages, dont ceux \u00e0 Cuba et au Rwanda entre autres, lui ont permis de r\u00e9aliser de nombreux reportages. Ils ont \u00e9t\u00e9 expos\u00e9s en Belgique, en Gr\u00e8ce, en Tunisie et en France.<\/p>\n","protected":false},"excerpt":{"rendered":"<p>C&#8217;est la premi\u00e8re fois qu&#8217;un livre sur les abeilles M\u00e9lipona, sans dard, aux yeux bleus, que les Mayas consid\u00e9raient comme divines, est publi\u00e9. Des photos \u00e9tonnantes au coeur de la colonie font d\u00e9couvrir au lecteur la vie de ces &#8220;belles&#8221; si diff\u00e9rentes de nos europ\u00e9ennes. Ce livre est une promenade au c\u0153ur de la ruche et de l&#8217;histoire. Des informations historiques, scientifiques et \u00e9cologiques composent le texte o\u00f9 des l\u00e9gendes y sont aussi r\u00e9v\u00e9l\u00e9es. D\u2019incroyables photos vous transportent dans ce monde merveilleux. L\u2019auteur nous fait d\u00e9couvrir ces insectes au dard atrophi\u00e9 au fil du temps, sans d\u00e9fense et remplis d\u2019amour.\u2026<\/p>\n","protected":false},"featured_media":423,"comment_status":"open","ping_status":"closed","template":"","meta":[],"product_cat":[18],"product_tag":[],"class_list":{"0":"post-421","1":"product","2":"type-product","3":"status-publish","4":"has-post-thumbnail","6":"product_cat-livres","8":"first","9":"instock","10":"taxable","11":"shipping-taxable","12":"purchasable","13":"product-type-simple"},"_links":{"self":[{"href":"https:\/\/www.domerego.com\/index.php?rest_route=\/wp\/v2\/product\/421","targetHints":{"allow":["GET"]}}],"collection":[{"href":"https:\/\/www.domerego.com\/index.php?rest_route=\/wp\/v2\/product"}],"about":[{"href":"https:\/\/www.domerego.com\/index.php?rest_route=\/wp\/v2\/types\/product"}],"replies":[{"embeddable":true,"href":"https:\/\/www.domerego.com\/index.php?rest_route=%2Fwp%2Fv2%2Fcomments&post=421"}],"wp:featuredmedia":[{"embeddable":true,"href":"https:\/\/www.domerego.com\/index.php?rest_route=\/wp\/v2\/media\/423"}],"wp:attachment":[{"href":"https:\/\/www.domerego.com\/index.php?rest_route=%2Fwp%2Fv2%2Fmedia&parent=421"}],"wp:term":[{"taxonomy":"product_cat","embeddable":true,"href":"https:\/\/www.domerego.com\/index.php?rest_route=%2Fwp%2Fv2%2Fproduct_cat&post=421"},{"taxonomy":"product_tag","embeddable":true,"href":"https:\/\/www.domerego.com\/index.php?rest_route=%2Fwp%2Fv2%2Fproduct_tag&post=421"}],"curies":[{"name":"wp","href":"https:\/\/api.w.org\/{rel}","templated":true}]}}