{"id":470,"date":"2023-05-12T09:18:44","date_gmt":"2023-05-12T07:18:44","guid":{"rendered":"https:\/\/www.domerego.com\/?post_type=product&#038;p=470"},"modified":"2023-11-06T12:29:11","modified_gmt":"2023-11-06T11:29:11","slug":"le-regime-proteine-vegetarien","status":"publish","type":"product","link":"https:\/\/www.domerego.com\/?product=le-regime-proteine-vegetarien","title":{"rendered":"Le r\u00e9gime prot\u00e9in\u00e9 v\u00e9g\u00e9tarien"},"content":{"rendered":"<p>Pour maigrir, il faut faire du sport ! C\u2019est la recommandation qui a longtemps tenu lieu de mantra die\u0301te\u0301tique absolu. Mais quand on fait du sport, on a faim et les muscles qui se de\u0301veloppent ont besoin qu\u2019on les nourrisse. Comment faire pour concilier ces deux tendances a priori contradictoires ? C\u2019est l\u2019e\u0301quation que j\u2019ai re\u0301solue avec l\u2019aide des produits de la ruche.<\/p>\n<p>Un re\u0301gime a\u0300 la fois riche en prote\u0301ines et ve\u0301ge\u0301tarien, qui consomme les graisses en pre\u0301servant les muscles et le tonus, assure a\u0300 l\u2019organisme les apports indispensables en prote\u0301ines, ne cause pas de fringale et ne ge\u0301ne\u0300re aucune fatigue. Un re\u0301gime simple, naturel, bon pour la sante\u0301 et facile a\u0300 mettre en place qui aide le corps a\u0300 se restructurer, re\u0301ge\u0301ne\u0301rer et raffermir. Un re\u0301gime que l\u2019on peut suivre a\u0300 tout a\u0302ge, qu\u2019on soit se\u0301dentaire ou sportif.<\/p>\n<p>Le re\u0301gime prote\u0301ine\u0301 ve\u0301ge\u0301tarien est e cace car il provoque un changement en profondeur du me\u0301tabolisme. Il modi e le concept me\u0302me de nourriture et per- met de prendre conscience du pouvoir que la Nature peut exercer sur notre corps.<\/p>\n","protected":false},"excerpt":{"rendered":"<p>Pour maigrir, il faut faire du sport ! C\u2019est la recommandation qui a longtemps tenu lieu de mantra die\u0301te\u0301tique absolu. Mais quand on fait du sport, on a faim et les muscles qui se de\u0301veloppent ont besoin qu\u2019on les nourrisse. Comment faire pour concilier ces deux tendances a priori contradictoires ? C\u2019est l\u2019e\u0301quation que j\u2019ai re\u0301solue avec l\u2019aide des produits de la ruche. Un re\u0301gime a\u0300 la fois riche en prote\u0301ines et ve\u0301ge\u0301tarien, qui consomme les graisses en pre\u0301servant les muscles et le tonus, assure a\u0300 l\u2019organisme les apports indispensables en prote\u0301ines, ne cause pas de fringale et ne ge\u0301ne\u0300re\u2026<\/p>\n","protected":false},"featured_media":471,"comment_status":"open","ping_status":"closed","template":"","meta":[],"product_cat":[18,21],"product_tag":[],"class_list":{"0":"post-470","1":"product","2":"type-product","3":"status-publish","4":"has-post-thumbnail","6":"product_cat-livres","7":"product_cat-par-roch","9":"first","10":"instock","11":"taxable","12":"shipping-taxable","13":"purchasable","14":"product-type-simple"},"_links":{"self":[{"href":"https:\/\/www.domerego.com\/index.php?rest_route=\/wp\/v2\/product\/470","targetHints":{"allow":["GET"]}}],"collection":[{"href":"https:\/\/www.domerego.com\/index.php?rest_route=\/wp\/v2\/product"}],"about":[{"href":"https:\/\/www.domerego.com\/index.php?rest_route=\/wp\/v2\/types\/product"}],"replies":[{"embeddable":true,"href":"https:\/\/www.domerego.com\/index.php?rest_route=%2Fwp%2Fv2%2Fcomments&post=470"}],"wp:featuredmedia":[{"embeddable":true,"href":"https:\/\/www.domerego.com\/index.php?rest_route=\/wp\/v2\/media\/471"}],"wp:attachment":[{"href":"https:\/\/www.domerego.com\/index.php?rest_route=%2Fwp%2Fv2%2Fmedia&parent=470"}],"wp:term":[{"taxonomy":"product_cat","embeddable":true,"href":"https:\/\/www.domerego.com\/index.php?rest_route=%2Fwp%2Fv2%2Fproduct_cat&post=470"},{"taxonomy":"product_tag","embeddable":true,"href":"https:\/\/www.domerego.com\/index.php?rest_route=%2Fwp%2Fv2%2Fproduct_tag&post=470"}],"curies":[{"name":"wp","href":"https:\/\/api.w.org\/{rel}","templated":true}]}}